{"id":10676,"date":"2024-03-05T22:46:58","date_gmt":"2024-03-05T18:46:58","guid":{"rendered":"https:\/\/aeeeurope.org\/?page_id=10676"},"modified":"2024-09-03T22:02:55","modified_gmt":"2024-09-03T18:02:55","slug":"agenda","status":"publish","type":"page","link":"https:\/\/aeeeurope.org\/es\/agenda\/","title":{"rendered":"Orden del d\u00eda"},"content":{"rendered":"<h1>\n\t\tAgenda AEE Europa 2025\n\t<\/h1>\n\t<p>23 y 24 de abril, Par\u00eds, Francia | Todos los horarios locales Par\u00eds Francia<\/p>\n\t<form data-sf-form-id='10677' data-is-rtl='0' data-maintain-state='' data-results-url='https:\/\/aeeeurope.org\/agenda' data-ajax-url='https:\/\/aeeeurope.org\/agenda?sf_data=results' data-ajax-form-url='https:\/\/aeeeurope.org\/es\/?sfid=10677&amp;sf_action=get_data&amp;sf_data=form' data-display-result-method='bb_posts_module' data-use-history-api='1' data-template-loaded='0' data-lang-code='es' data-ajax='1' data-ajax-data-type='html' data-ajax-links-selector='.page-numbers a' data-ajax-target='.search-filter-results-10677' data-ajax-pagination-type='normal' data-update-ajax-url='1' data-only-results-ajax='1' data-scroll-to-pos='0' data-init-paged='1' data-auto-update='1' action='https:\/\/aeeeurope.org\/es\/agenda\/' method='post' class='searchandfilter' id='search-filter-form-10677' autocomplete='off' data-instance-count='2' data-trp-original-action=\"https:\/\/aeeeurope.org\/agenda\"><ul><li class=\"sf-field-taxonomy-conference-day\" data-sf-field-name=\"_sft_conference-day\" data-sf-field-type=\"taxonomy\" data-sf-field-input-type=\"radio\">\t\t<ul class=\"\">\n\t\t\t\t\t  <li class=\"sf-level-0 sf-item-0 sf-option-active\" data-sf-count=\"0\" data-sf-depth=\"0\"><input  class=\"sf-input-radio\" type=\"radio\" value=\"\" name=\"_sft_conference-day[]\" checked=\"checked\" id=\"sf-input-0edde0506498a053e63253267344cb4f\"><label class=\"sf-label-radio\" for=\"sf-input-0edde0506498a053e63253267344cb4f\">Todos los d\u00edas<\/label><\/li><li class=\"sf-level-0 sf-item-62\" data-sf-count=\"22\" data-sf-depth=\"0\"><input  class=\"sf-input-radio\" type=\"radio\" value=\"day-1\" name=\"_sft_conference-day[]\" id=\"sf-input-8cf4f0fc04d1bf4e442166bd98a732f0\"><label class=\"sf-label-radio\" for=\"sf-input-8cf4f0fc04d1bf4e442166bd98a732f0\">D\u00eda 1<\/label><\/li><li class=\"sf-level-0 sf-item-63\" data-sf-count=\"32\" data-sf-depth=\"0\"><input  class=\"sf-input-radio\" type=\"radio\" value=\"day-2\" name=\"_sft_conference-day[]\" id=\"sf-input-71e5342fdb9d22b16959fb6c75e5df14\"><label class=\"sf-label-radio\" for=\"sf-input-71e5342fdb9d22b16959fb6c75e5df14\">D\u00eda 2<\/label><\/li>\t\t<\/ul>\n\t\t<\/li><li class=\"sf-field-taxonomy-agenda-type\" data-sf-field-name=\"_sft_agenda-type\" data-sf-field-type=\"taxonomy\" data-sf-field-input-type=\"select\"><h4>Filtrar por tipo de evento<\/h4>\t\t<label>\n\t\t\t\t   \t\t<select name=\"_sft_agenda-type[]\" class=\"sf-input-select\" title=\"\">\n\t\t\t\t\t\t  \t\t\t<option class=\"sf-level-0 sf-item-0 sf-option-active\" selected=\"selected\" data-sf-count=\"0\" data-sf-depth=\"0\" value=\"\">Todos los tipos<\/option>\n\t\t\t\t\t\t\t\t\t\t\t<option class=\"sf-level-0 sf-item-85\" data-sf-count=\"1\" data-sf-depth=\"0\" value=\"keynote-events\">Eventos principales<\/option>\n\t\t\t\t\t\t\t\t\t\t\t<option class=\"sf-level-0 sf-item-86\" data-sf-count=\"4\" data-sf-depth=\"0\" value=\"networking-events\">Eventos de networking<\/option>\n\t\t\t\t\t\t\t\t\t\t\t<option class=\"sf-level-0 sf-item-87\" data-sf-count=\"2\" data-sf-depth=\"0\" value=\"special-events\">Eventos especiales<\/option>\n\t\t\t\t\t\t\t\t\t\t\t<option class=\"sf-level-0 sf-item-83\" data-sf-count=\"3\" data-sf-depth=\"0\" value=\"technical-sessions\">Sesiones t\u00e9cnicas<\/option>\n\t\t\t\t\t\t\t\t\t\t\t<\/select><\/label>\t\t\t\t\t\t\t\t\t\t<\/li><\/ul><input type=\"hidden\" name=\"trp-form-language\" value=\"es\"\/><\/form>\n\t<p><em>*Los temas y horarios de la agenda est\u00e1n sujetos a cambios antes del evento.<\/em><\/p>"},"excerpt":{"rendered":"<p>Agenda de la AEE Europe 2025 23 y 24 de abril, Par\u00eds, Francia | Todos los horarios son locales Par\u00eds Francia *Los puntos y horarios de la agenda est\u00e1n sujetos a cambios antes del evento.<\/p>","protected":false},"author":12,"featured_media":0,"parent":0,"menu_order":0,"comment_status":"closed","ping_status":"closed","template":"","meta":{"_acf_changed":false,"_seopress_robots_primary_cat":"","_seopress_titles_title":"","_seopress_titles_desc":"","_seopress_robots_index":"","footnotes":""},"class_list":["post-10676","page","type-page","status-publish"],"acf":[],"_links":{"self":[{"href":"https:\/\/aeeeurope.org\/es\/wp-json\/wp\/v2\/pages\/10676","targetHints":{"allow":["GET"]}}],"collection":[{"href":"https:\/\/aeeeurope.org\/es\/wp-json\/wp\/v2\/pages"}],"about":[{"href":"https:\/\/aeeeurope.org\/es\/wp-json\/wp\/v2\/types\/page"}],"author":[{"embeddable":true,"href":"https:\/\/aeeeurope.org\/es\/wp-json\/wp\/v2\/users\/12"}],"replies":[{"embeddable":true,"href":"https:\/\/aeeeurope.org\/es\/wp-json\/wp\/v2\/comments?post=10676"}],"version-history":[{"count":4,"href":"https:\/\/aeeeurope.org\/es\/wp-json\/wp\/v2\/pages\/10676\/revisions"}],"predecessor-version":[{"id":19612,"href":"https:\/\/aeeeurope.org\/es\/wp-json\/wp\/v2\/pages\/10676\/revisions\/19612"}],"wp:attachment":[{"href":"https:\/\/aeeeurope.org\/es\/wp-json\/wp\/v2\/media?parent=10676"}],"curies":[{"name":"gracias","href":"https:\/\/api.w.org\/{rel}","templated":true}]}}