{"id":1446,"date":"2017-11-05T19:28:26","date_gmt":"2017-11-05T19:28:26","guid":{"rendered":"https:\/\/gpstartersites.com\/pivot\/?page_id=10"},"modified":"2022-06-07T20:01:20","modified_gmt":"2022-06-07T16:01:20","slug":"home","status":"publish","type":"page","link":"https:\/\/aeeeurope.org\/es\/home\/","title":{"rendered":"Home"},"content":{"rendered":"<h1>\n\t\tEficiencia energ\u00e9tica para un impacto estrat\u00e9gico\n\t<\/h1>\n\t\t\t<a href=\"https:\/\/portal.aeecenter.org\/i4a\/pages\/index.cfm?pageID=4914\" target=\"_blank\" role=\"button\" rel=\"noopener\">\n\t\t\t\t\t\t\tReg\u00edstrate ahora\n\t\t\t\t\t<\/a>\n<h1>\n\t\tSeattle, Washington | 15 y 16 de junio de 2022\n\t<\/h1>\n<h2>\n\t\tSeattle Convention Center &#8211; Arch at 800 Pike\n\t<\/h2>\n\t<p>AEE West se centra en cuestiones energ\u00e9ticas clave, desarrollos y estrategias de los sectores empresarial, industrial y gubernamental de toda la Costa Oeste.<\/p>\n\t\t\t<a href=\"https:\/\/aeeeurope.org\/wp-content\/uploads\/2022\/06\/Event-Guide.pdf\" target=\"_self\" role=\"button\" rel=\"noopener\">\n\t\t\t\t\t\t\tGu\u00eda de eventos\n\t\t\t\t\t<\/a>\n\t<h3>Estrategia<\/h3>\t\t\n\t\t\t<p>Industry leaders provide insight into their company&#8217;s operations, strategies, what it takes to lead, or how they innovate.<\/p>\n\t\t\t<a href=\"#keynote\" target=\"_self\" role=\"button\" rel=\"noopener\">\n\t\t\t\t\t\t\tDiscursos de apertura\n\t\t\t\t\t<\/a>\n\t<h3>T\u00e9cnico<\/h3>\t\t\n\t\t\t<p>Asista a sesiones centradas en los \u00faltimos estudios de casos, aplicaciones, implementaciones, innovaciones en tecnolog\u00eda y mucho, mucho m\u00e1s.<\/p>\n\t\t\t<a href=\"#tracks\" target=\"_self\" role=\"button\" rel=\"noopener\">\n\t\t\t\t\t\t\tPistas de la conferencia\n\t\t\t\t\t<\/a>\n\t<h3>Redes<\/h3>\t\t\n\t\t\t<p>Regrese a la interacci\u00f3n en persona en eventos de networking especiales dise\u00f1ados para que pueda conectarse, aprender y hacer negocios.<\/p>\n\t\t\t<a href=\"https:\/\/www.aeecenter.org\/aee-events\/attendees\/\" target=\"_self\" role=\"button\" rel=\"noopener\">\n\t\t\t\t\t\t\tQuien asiste\n\t\t\t\t\t<\/a>\n<h3>\n\t\tOradores principales\n\t<\/h3>\n\t\t\t\t<img loading=\"lazy\" decoding=\"async\" src=\"https:\/\/aeeeurope.org\/wp-content\/uploads\/bb-plugin\/cache\/sq-bill-circle.png\" alt=\"sq-bill\" itemprop=\"image\" height=\"300\" width=\"300\" title=\"factura cuadrada\" onerror=\"this.style.display='none'\"  \/>\n<h3>Bill Kent, CEM<\/h3>\t\t\n\t\t\t<strong>Orador principal de apertura<\/strong><br \/>\nDirector Ejecutivo, Asociaci\u00f3n de Ingenieros de Energ\u00eda<br \/>\n<strong>Un mensaje de AEE<\/strong>\n\t\t\t<a href=\"\/es\/bill-kent\/\" target=\"_self\" role=\"button\" rel=\"noopener\">\n\t\t\t\t\t\t\tM\u00e1s informaci\u00f3n\n\t\t\t\t\t<\/a>\n\t\t\t\t<img loading=\"lazy\" decoding=\"async\" src=\"https:\/\/aeeeurope.org\/wp-content\/uploads\/bb-plugin\/cache\/Puget-Sound-Energy-Bellevue-11033-scaled-circle.jpg\" alt=\"Puget Sound Energy Bellevue-11033\" itemprop=\"image\" height=\"1829\" width=\"2560\" title=\"Energ\u00eda del sonido de Puget Bellevue-11033\" onerror=\"this.style.display='none'\"  \/>\n<h3>Josh Jacobs<\/h3>\t\t\n\t\t\t<strong>Orador principal de apertura<\/strong>\nVicepresidente de Estrategia de Energ\u00eda Limpia, Puget Sound Energy\n<strong>Transici\u00f3n hacia la energ\u00eda limpia<\/strong>\n\t\t\t<a href=\"https:\/\/aeeeurope.org\/es\/key_speakers\/josh-jacobs\/\" target=\"_self\" role=\"button\" rel=\"noopener\">\n\t\t\t\t\t\t\tM\u00e1s informaci\u00f3n\n\t\t\t\t\t<\/a>\n\t\t\t\t<img decoding=\"async\" src=\"https:\/\/aeeeurope.org\/wp-content\/uploads\/bb-plugin\/cache\/Judd-3-scaled-circle.jpg\" alt=\"Kathleen JuddTerms of Use: Our images are freely and publicly available for use with the credit line, &quot;Andrea Starr | Pacific Northwest National Laboratory&quot;; Please use provided caption information for use in appropriate context.\" itemprop=\"image\" title=\"Kathleen Judd\" onerror=\"this.style.display='none'\"  \/>\n<h3>Kathleen Judd<\/h3>\t\t\n\t\t\t<p><strong>Orador principal de apertura<\/strong><\/p>\n<p>Director adjunto de divisi\u00f3n, Infraestructura el\u00e9ctrica y edificios, Laboratorio Nacional del Noroeste del Pac\u00edfico<\/p>\n\t\t\t<a href=\"https:\/\/aeeeurope.org\/es\/key_speakers\/kathleen-judd\/\" target=\"_self\" role=\"button\" rel=\"noopener\">\n\t\t\t\t\t\t\tM\u00e1s informaci\u00f3n\n\t\t\t\t\t<\/a>\n<h3>\n\t\tAnfitri\u00f3n del evento\n\t<\/h3>\n\t\t\t\t<a href=\"\/es\/companies\/puget-sound-energy\/\" target=\"_self\" itemprop=\"url\" rel=\"noopener\">\n\t\t\t\t<img decoding=\"async\" src=\"https:\/\/aeeeurope.org\/wp-content\/uploads\/2022\/02\/PSE-Host.png\" alt=\"PSE-Host\" itemprop=\"image\" title=\"Anfitri\u00f3n de PSE\" onerror=\"this.style.display='none'\"  \/>\n\t\t\t\t<\/a>\n<h3>\n\t\tPatrocinadores del evento\n\t<\/h3>\n<h3>\n\t\tPistas de la conferencia\n\t<\/h3>\n\t<p>Sesiones t\u00e9cnicas en vivo dise\u00f1adas para permitirte aprender y conectarte en funci\u00f3n de tus objetivos profesionales.<\/p>\n<h4>\n\t\tTendencias pol\u00edticas e iniciativas locales\n\t<\/h4>\n<h6>\n\t\tTrack A explores local energy codes &#038; guidelines, energy policy, resiliency, green communities and more. Learn more about workforce development and utility energy efficiency programs.\n\t<\/h6>\n\t\t\t<a href=\"https:\/\/aeeeurope.org\/es\/sessions-all\/\" target=\"_self\" role=\"button\" rel=\"noopener\">\n\t\t\t\t\t\t\tPrograma completo de la conferencia\n\t\t\t\t\t<\/a>\n<h4>\n\t\tEdificios ecol\u00f3gicos y de alto rendimiento\n\t<\/h4>\n<h6>\n\t\tEl tema B destaca temas cr\u00edticos centrados en la creciente necesidad de energ\u00eda renovable y desarrollo sostenible.\n\t<\/h6>\n\t\t\t<a href=\"https:\/\/aeeeurope.org\/es\/sessions-all\/\" target=\"_self\" role=\"button\" rel=\"noopener\">\n\t\t\t\t\t\t\tPrograma completo de la conferencia\n\t\t\t\t\t<\/a>\n<h4>\n\t\tTendencias en eficiencia energ\u00e9tica e iniciativas de vanguardia\n\t<\/h4>\n<h6>\n\t\tLa pista C cubre algunas de las tendencias m\u00e1s importantes en la industria energ\u00e9tica, incluido c\u00f3mo la tecnolog\u00eda permite la gesti\u00f3n energ\u00e9tica moderna y el hidr\u00f3geno.\n\t<\/h6>\n\t\t\t<a href=\"https:\/\/aeeeurope.org\/es\/sessions-all\/\" target=\"_self\" role=\"button\" rel=\"noopener\">\n\t\t\t\t\t\t\tPrograma completo de la conferencia\n\t\t\t\t\t<\/a>\n<h4>\n\t\tLa red en transici\u00f3n\n\t<\/h4>\n<h6>\n\t\tTrack D concentrates on electrification, decarbonization, renewable, energy storage, EV&#8217;s and transportation.\n\t<\/h6>\n\t\t\t<a href=\"https:\/\/aeeeurope.org\/es\/sessions-all\/\" target=\"_self\" role=\"button\" rel=\"noopener\">\n\t\t\t\t\t\t\tPrograma completo de la conferencia\n\t\t\t\t\t<\/a>\n<h3>\n\t\tExpositores de eventos\n\t<\/h3>\n<h3>\n\t\tPatrocinadores de medios de comunicaci\u00f3n del evento AEE\n\t<\/h3>"},"excerpt":{"rendered":"<p>Energy Efficiency for Strategic Impact Register Now Seattle, WA | June 15-16, 2022 Seattle Convention Center &#8211; Arch at 800 Pike AEE West focuses on key energy issues, developments and strategies from business, industry, and government sectors across the West Coast. Event Guide Strategy Industry leaders provide insight into their company&#8217;s operations, strategies, what it &#8230; <a title=\"Home\" class=\"read-more\" href=\"https:\/\/aeeeurope.org\/es\/home\/\" aria-label=\"Leer m\u00e1s sobre Home\">Leer m\u00e1s<\/a><\/p>","protected":false},"author":12,"featured_media":0,"parent":0,"menu_order":0,"comment_status":"closed","ping_status":"closed","template":"","meta":{"_acf_changed":false,"_seopress_robots_primary_cat":"","_seopress_titles_title":"AEE West Conference | Energy Conference &amp; Expo | Home","_seopress_titles_desc":"Join the discussion of energy efficiency and sustainability at the Association of Energy Engineer&#039;s AEE West Conference.","_seopress_robots_index":"","footnotes":""},"class_list":["post-1446","page","type-page","status-publish"],"acf":[],"_links":{"self":[{"href":"https:\/\/aeeeurope.org\/es\/wp-json\/wp\/v2\/pages\/1446","targetHints":{"allow":["GET"]}}],"collection":[{"href":"https:\/\/aeeeurope.org\/es\/wp-json\/wp\/v2\/pages"}],"about":[{"href":"https:\/\/aeeeurope.org\/es\/wp-json\/wp\/v2\/types\/page"}],"author":[{"embeddable":true,"href":"https:\/\/aeeeurope.org\/es\/wp-json\/wp\/v2\/users\/12"}],"replies":[{"embeddable":true,"href":"https:\/\/aeeeurope.org\/es\/wp-json\/wp\/v2\/comments?post=1446"}],"version-history":[{"count":0,"href":"https:\/\/aeeeurope.org\/es\/wp-json\/wp\/v2\/pages\/1446\/revisions"}],"wp:attachment":[{"href":"https:\/\/aeeeurope.org\/es\/wp-json\/wp\/v2\/media?parent=1446"}],"curies":[{"name":"gracias","href":"https:\/\/api.w.org\/{rel}","templated":true}]}}