{"id":2920,"date":"2021-03-30T14:29:53","date_gmt":"2021-03-30T14:29:53","guid":{"rendered":"http:\/\/michaelh217.sg-host.com\/?page_id=2920"},"modified":"2021-09-03T01:44:53","modified_gmt":"2021-09-02T21:44:53","slug":"media","status":"publish","type":"page","link":"https:\/\/aeeeurope.org\/es\/media\/","title":{"rendered":"Media Partners"},"content":{"rendered":"<h2>\n\t\t\u00bfQuieres asociarte con AEE?\n\t<\/h2>\n\t<p>La Asociaci\u00f3n de Ingenieros de Energ\u00eda ofrece a las publicaciones y medios de comunicaci\u00f3n del sector maneras de dar a conocer su trabajo y aumentar su difusi\u00f3n promocion\u00e1ndose en sus eventos. La AEE negocia acuerdos rec\u00edprocos personalizados basados en beneficios mutuos.<\/p>\n\t\t<h3>\t\n\ttomadores de decisiones clave<\/h3>\t\t\n\t\t\t<p>La Asociaci\u00f3n de Ingenieros de Energ\u00eda lleva m\u00e1s de tres d\u00e9cadas organizando eventos sobre energ\u00eda, brindando oportunidades excepcionales de networking y formaci\u00f3n. Entre los asistentes se encuentran profesionales de la energ\u00eda de empresas comerciales, instituciones, gobiernos, municipios e industrias.<\/p>\n<h2>\n\t\tComun\u00edquese hoy\n\t<\/h2>\n\t<h3>Contacto<\/h3>\n<ul>\n<li>Diane McCullum<\/li>\n<li>diane@aeecenter.org<\/li>\n<li>205-222-1634<\/li>\n<\/ul>\n\t\t\t<a href=\"mailto:DIANE@AEECENTER.ORG\" target=\"_self\" role=\"button\" rel=\"noopener\">\n\t\t\t\t\t\t\tEnv\u00edenos un correo electr\u00f3nico\n\t\t\t<\/a>\n\t\t\t<a href=\"\/wp-content\/uploads\/2021\/03\/EX-211a-Exhibitor-Prospectus.pdf\" target=\"_self\" role=\"button\" rel=\"noopener\">\n\t\t\t\t\t\t\tFolleto\n\t\t\t<\/a>\n\t\t\t<a href=\"https:\/\/www.aeecenter.org\/sites\/default\/files\/AEE-Media-Kit-2021.pdf\" target=\"_self\" role=\"button\" rel=\"noopener\">\n\t\t\t\t\t\t\tKit de medios\n\t\t\t<\/a>\n<h4>\n\t\tSOCIOS DE MEDIOS DESTACADOS\n\t<\/h4>"},"excerpt":{"rendered":"<p>Partner with AEE? The Association of Energy Engineers offers industry publications and media outlets ways to build awareness and increase circulation by promoting themselves at AEE events. AEE negotiates customized reciprocal agreements based on mutual benefits. Key Decision-Makers The Association of Energy Engineers has presented energy events for over three decades, delivering exceptional networking and &#8230; <a title=\"Media Partners\" class=\"read-more\" href=\"https:\/\/aeeeurope.org\/es\/media\/\" aria-label=\"Leer m\u00e1s sobre Media Partners\">Leer m\u00e1s<\/a><\/p>","protected":false},"author":12,"featured_media":0,"parent":0,"menu_order":0,"comment_status":"closed","ping_status":"closed","template":"","meta":{"_acf_changed":false,"_seopress_robots_primary_cat":"","_seopress_titles_title":"","_seopress_titles_desc":"AEE offers industry publications and media outlets ways to build awareness and increase circulation by promoting themselves at AEE events.","_seopress_robots_index":"","footnotes":""},"class_list":["post-2920","page","type-page","status-publish"],"acf":[],"_links":{"self":[{"href":"https:\/\/aeeeurope.org\/es\/wp-json\/wp\/v2\/pages\/2920","targetHints":{"allow":["GET"]}}],"collection":[{"href":"https:\/\/aeeeurope.org\/es\/wp-json\/wp\/v2\/pages"}],"about":[{"href":"https:\/\/aeeeurope.org\/es\/wp-json\/wp\/v2\/types\/page"}],"author":[{"embeddable":true,"href":"https:\/\/aeeeurope.org\/es\/wp-json\/wp\/v2\/users\/12"}],"replies":[{"embeddable":true,"href":"https:\/\/aeeeurope.org\/es\/wp-json\/wp\/v2\/comments?post=2920"}],"version-history":[{"count":0,"href":"https:\/\/aeeeurope.org\/es\/wp-json\/wp\/v2\/pages\/2920\/revisions"}],"wp:attachment":[{"href":"https:\/\/aeeeurope.org\/es\/wp-json\/wp\/v2\/media?parent=2920"}],"curies":[{"name":"gracias","href":"https:\/\/api.w.org\/{rel}","templated":true}]}}