{"id":3476,"date":"2021-05-18T19:04:29","date_gmt":"2021-05-18T15:04:29","guid":{"rendered":"https:\/\/aeeeurope.org\/?page_id=3476"},"modified":"2025-04-28T19:03:35","modified_gmt":"2025-04-28T15:03:35","slug":"aee-chapter-lunch-and-keynote-presentation","status":"publish","type":"page","link":"https:\/\/aeeeurope.org\/es\/aee-chapter-lunch-and-keynote-presentation\/","title":{"rendered":"Almuerzo y presentaci\u00f3n principal del cap\u00edtulo de la AEE"},"content":{"rendered":"<h1>\n\t\tAlmuerzo del cap\u00edtulo y presentaci\u00f3n principal\n\t<\/h1>\n\t<p>Asistir al almuerzo del cap\u00edtulo brinda una combinaci\u00f3n \u00fanica de conocimientos, conexiones y experiencia local en materia de energ\u00eda. Este evento es una oportunidad para reunirnos, aprender y fortalecer nuestros v\u00ednculos dentro de la comunidad energ\u00e9tica.<\/p>\n<p>Nuestro orador principal compartir\u00e1 conocimientos valiosos y brindar\u00e1 una nueva perspectiva sobre las tendencias y los desaf\u00edos de la industria.<\/p>\n<p>Descubra m\u00e1s sobre nuestro cap\u00edtulo local de AEE: su prop\u00f3sito, sus logros y el esp\u00edritu colaborativo que lo define.<\/p>\n\t\t\t\t<img loading=\"lazy\" decoding=\"async\" src=\"https:\/\/aeeeurope.org\/wp-content\/uploads\/2023\/11\/52816990279_aef15b4f6c_k.jpg\" alt=\"52816990279_aef15b4f6c_k\" itemprop=\"image\" height=\"1129\" width=\"1572\" title=\"52816990279_aef15b4f6c_k\" onerror=\"this.style.display='none'\"  \/>"},"excerpt":{"rendered":"<p>Almuerzo y presentaci\u00f3n magistral del cap\u00edtulo. Asistir al almuerzo del cap\u00edtulo ofrece una combinaci\u00f3n \u00fanica de perspectivas, conexiones y experiencia local en energ\u00eda. Este evento es una oportunidad para reunirnos, aprender y fortalecer nuestros v\u00ednculos con la comunidad energ\u00e9tica. Nuestro orador principal compartir\u00e1 valiosas ideas, aportando una perspectiva innovadora sobre las tendencias y los desaf\u00edos de la industria. Descubra m\u00e1s sobre\u2026 <a title=\"Almuerzo y presentaci\u00f3n principal del cap\u00edtulo de la AEE\" class=\"read-more\" href=\"https:\/\/aeeeurope.org\/es\/aee-chapter-lunch-and-keynote-presentation\/\" aria-label=\"Leer m\u00e1s sobre Almuerzo del Cap\u00edtulo AEE y Presentaci\u00f3n Keynote\">Leer m\u00e1s<\/a><\/p>","protected":false},"author":12,"featured_media":0,"parent":0,"menu_order":0,"comment_status":"closed","ping_status":"closed","template":"","meta":{"_acf_changed":false,"_seopress_robots_primary_cat":"","_seopress_titles_title":"","_seopress_titles_desc":"Earn Credits for both in-person and virtual attendance to the Association of Energy Engineer&#039;s World Conference.","_seopress_robots_index":"","footnotes":""},"class_list":["post-3476","page","type-page","status-publish"],"acf":[],"_links":{"self":[{"href":"https:\/\/aeeeurope.org\/es\/wp-json\/wp\/v2\/pages\/3476","targetHints":{"allow":["GET"]}}],"collection":[{"href":"https:\/\/aeeeurope.org\/es\/wp-json\/wp\/v2\/pages"}],"about":[{"href":"https:\/\/aeeeurope.org\/es\/wp-json\/wp\/v2\/types\/page"}],"author":[{"embeddable":true,"href":"https:\/\/aeeeurope.org\/es\/wp-json\/wp\/v2\/users\/12"}],"replies":[{"embeddable":true,"href":"https:\/\/aeeeurope.org\/es\/wp-json\/wp\/v2\/comments?post=3476"}],"version-history":[{"count":5,"href":"https:\/\/aeeeurope.org\/es\/wp-json\/wp\/v2\/pages\/3476\/revisions"}],"predecessor-version":[{"id":20536,"href":"https:\/\/aeeeurope.org\/es\/wp-json\/wp\/v2\/pages\/3476\/revisions\/20536"}],"wp:attachment":[{"href":"https:\/\/aeeeurope.org\/es\/wp-json\/wp\/v2\/media?parent=3476"}],"curies":[{"name":"gracias","href":"https:\/\/api.w.org\/{rel}","templated":true}]}}