{"id":3573,"date":"2021-05-20T00:17:20","date_gmt":"2021-05-19T20:17:20","guid":{"rendered":"https:\/\/aeeeurope.org\/?page_id=3573"},"modified":"2025-04-28T19:04:56","modified_gmt":"2025-04-28T15:04:56","slug":"opening","status":"publish","type":"page","link":"https:\/\/aeeeurope.org\/es\/opening\/","title":{"rendered":"Sesi\u00f3n inaugural magistral"},"content":{"rendered":"<h1>\n\t\tSesi\u00f3n de apertura\n\t<\/h1>\n<h2>\n\t\tConferencias inspiradoras. Nuevas perspectivas. Networking\n\t<\/h2>\n\t<p>Esta sesi\u00f3n es la piedra angular de su experiencia en la conferencia y le ofrece una oportunidad invaluable de aprender, establecer contactos y avanzar profesionalmente. Interact\u00fae con oradores destacados locales e influyentes que le ofrecer\u00e1n conocimientos y experiencias que resuenan con el pulso de la industria. Es un momento excelente para establecer nuevas conexiones con colegas de la industria y establecer un tono de colaboraci\u00f3n para todo el evento. La sesi\u00f3n de apertura sienta las bases para la amplia gama de presentaciones que se realizar\u00e1n durante la conferencia y enriquecer\u00e1 su perspectiva con perspectivas e ideas variadas.<\/p>\n<h3>\n\t\tOradores principales de 2025\n\t<\/h3>\n\t\t\t\t<img loading=\"lazy\" decoding=\"async\" src=\"https:\/\/aeeeurope.org\/wp-content\/uploads\/2025\/01\/Erich_new.jpg\" alt=\"Erich_new\" itemprop=\"image\" height=\"1920\" width=\"1920\" title=\"Erich_nuevo\" onerror=\"this.style.display='none'\"  \/>\n\t<h3><strong>Erich Labuda<\/strong><\/h3>\nPresidente de la Divisi\u00f3n de Servicios de Movimiento,<br \/>\nABB Erich Labuda es presidente de la divisi\u00f3n ABB Motion Services, dentro del \u00e1rea de negocio Motion. Se incorpor\u00f3 a ABB en 2011 como parte del programa de pr\u00e1cticas para ejecutivos en Suiza y ha ocupado puestos de liderazgo en el \u00e1mbito de la estrategia y el desarrollo de negocio. En 2013 se incorpor\u00f3 al equipo de Estrategia corporativa del Grupo ABB, tras lo cual fue nombrado responsable de Desarrollo de negocio para la unidad de negocio Drives. En 2019 se convierte en responsable de Estrategia, Desarrollo de negocio y Marketing del negocio Motion. <a href=\"https:\/\/aeeeurope.org\/es\/speaker\/erich-labuda\/\" target=\"_blank\" rel=\"noopener\">Leer m\u00e1s &gt;&gt;<\/a>\n\t\t\t\t<img loading=\"lazy\" decoding=\"async\" src=\"https:\/\/aeeeurope.org\/wp-content\/uploads\/2025\/03\/Jerome-Bilodeau-Headshot.jpg\" alt=\"Jerome Bilodeau - Headshot\" itemprop=\"image\" height=\"400\" width=\"400\" title=\"Jerome Bilodeau - Foto de rostro\" onerror=\"this.style.display='none'\"  \/>\n\t<h3><strong>J\u00e9r\u00f4me Bilodeau<\/strong><\/h3>\nJefe de An\u00e1lisis de la Oficina de Eficiencia Energ\u00e9tica y Transiciones Inclusivas,<br \/>\nJ\u00e9r\u00f4me Bilodeau, de la Agencia Internacional de Energ\u00eda (AIE), es Jefe de An\u00e1lisis en la Oficina de Eficiencia Energ\u00e9tica y Transiciones Inclusivas de la AIE en Par\u00eds. Anteriormente, fue Director de la Divisi\u00f3n de Edificios e Industria del Gobierno de Canad\u00e1, donde supervis\u00f3 las pol\u00edticas y la programaci\u00f3n federales en materia de eficiencia en edificios e industria, y Consultor S\u00e9nior en Dunsky Energy + Climate Advisors, donde asesor\u00f3 a clientes en toda Norteam\u00e9rica. Es Licenciado en Ingenier\u00eda Mec\u00e1nica por la Universidad de Ottawa y tiene un MBA por la HEC Montreal.\n\t\t\t\t<img loading=\"lazy\" decoding=\"async\" src=\"https:\/\/aeeeurope.org\/wp-content\/uploads\/2021\/04\/sq-bill.png\" alt=\"sq-bill\" itemprop=\"image\" height=\"300\" width=\"300\" title=\"factura cuadrada\" onerror=\"this.style.display='none'\"  \/>\n\t<h3><strong>Bill Kent<\/strong><\/h3>\nDirector ejecutivo,<br \/>\nBill, de la Asociaci\u00f3n de Ingenieros de Energ\u00eda (AEE), se ha desempe\u00f1ado como Director Ejecutivo de la AEE desde noviembre de 2017, en reemplazo de Al Thumann, fundador de la AEE, quien se desempe\u00f1\u00f3 como Director Ejecutivo de la AEE durante 40 a\u00f1os. Bill ha estado involucrado en la industria de la gesti\u00f3n de la energ\u00eda durante m\u00e1s de 30 a\u00f1os y aporta experiencia en eficiencia energ\u00e9tica, instrumentaci\u00f3n, automatizaci\u00f3n, sistemas de construcci\u00f3n y liderazgo ejecutivo. En sus 10 a\u00f1os en la AEE, ha liderado muchas iniciativas clave y ha estado administrando las operaciones diarias de la organizaci\u00f3n en su funci\u00f3n de Director General. <a href=\"https:\/\/aeeeurope.org\/es\/speaker\/bill-kent\/\" target=\"_blank\" rel=\"noopener\">Leer m\u00e1s &gt;&gt;<\/a>\n\t\t\t\t<img loading=\"lazy\" decoding=\"async\" src=\"https:\/\/aeeeurope.org\/wp-content\/uploads\/2025\/03\/Ricson-Chude-682x1024.jpg-e1741107946778.webp\" alt=\"Ricson-Chude-682x1024.jpg\" itemprop=\"image\" height=\"683\" width=\"682\" title=\"Ricson-Chude-682x1024.jpg\" onerror=\"this.style.display='none'\"  \/>\n\t<h2>Presidente de la sesi\u00f3n de apertura<\/h2>\n<h2>Ricson Chude<\/h2>\n<p>Presidente electo de la AEE<\/p>\n<p><a href=\"https:\/\/aeeeurope.org\/es\/speakers\/ricson-chude\/\"><em>Leer biograf\u00eda<\/em><\/a><\/p>\n<h2>\n\t\tPatrocinadores\n\t<\/h2>\n\t<meta itemscope itemprop=\"mainEntityOfPage\" itemtype=\"https:\/\/schema.org\/WebPage\" itemid=\"https:\/\/aeeeurope.org\/companies\/energycap\/\" content=\"EnergyCap\" \/><meta itemprop=\"datePublished\" content=\"2021-05-12\" \/><meta itemprop=\"dateModified\" content=\"2025-04-16\" \/><meta itemprop=\"name\" content=\"AEE Europe Energy Conference \"\/><meta itemprop=\"url\" content=\"https:\/\/aeeeurope.org\/wp-content\/uploads\/2023\/08\/cropped-Europe-Blue-No-Expo-rgb.png\"\/><meta itemprop=\"url\" content=\"https:\/\/aeeeurope.org\/author\/rachel\/\" \/><meta itemprop=\"name\" content=\"Rachel Hobson\" \/><meta itemprop=\"url\" content=\"https:\/\/aeeeurope.org\/wp-content\/uploads\/2021\/05\/ENERGYCAP-600x400-wht-bkgnd.png\" \/><meta itemprop=\"width\" content=\"600\" \/><meta itemprop=\"height\" content=\"400\" \/><meta itemprop=\"interactionType\" content=\"https:\/\/schema.org\/CommentAction\" \/><meta itemprop=\"userInteractionCount\" content=\"0\" \/><h5>Caf\u00e9 del centro de networking<\/h5>\n\t\t\t\t\t\t<a href='https:\/\/aeeeurope.org\/es\/companies\/energycap\/' title='EnergyCap'><img width=\"600\" height=\"400\" src=\"https:\/\/aeeeurope.org\/wp-content\/uploads\/2021\/05\/ENERGYCAP-600x400-wht-bkgnd.png\" alt=\"\" itemprop=\"image\" decoding=\"async\" loading=\"lazy\" srcset=\"https:\/\/aeeeurope.org\/wp-content\/uploads\/2021\/05\/ENERGYCAP-600x400-wht-bkgnd.png 600w, https:\/\/aeeeurope.org\/wp-content\/uploads\/2021\/05\/ENERGYCAP-600x400-wht-bkgnd-300x200.png 300w, https:\/\/aeeeurope.org\/wp-content\/uploads\/2021\/05\/ENERGYCAP-600x400-wht-bkgnd-18x12.png 18w\" sizes=\"auto, (max-width: 600px) 100vw, 600px\" \/><\/a>\n\t<meta itemscope itemprop=\"mainEntityOfPage\" itemtype=\"https:\/\/schema.org\/WebPage\" itemid=\"https:\/\/aeeeurope.org\/companies\/abb\/\" content=\"ABB\" \/><meta itemprop=\"datePublished\" content=\"2024-12-16\" \/><meta itemprop=\"dateModified\" content=\"2024-12-18\" \/><meta itemprop=\"name\" content=\"AEE Europe Energy Conference \"\/><meta itemprop=\"url\" content=\"https:\/\/aeeeurope.org\/wp-content\/uploads\/2023\/08\/cropped-Europe-Blue-No-Expo-rgb.png\"\/><meta itemprop=\"url\" content=\"https:\/\/aeeeurope.org\/author\/rachel\/\" \/><meta itemprop=\"name\" content=\"Rachel Hobson\" \/><meta itemprop=\"url\" content=\"https:\/\/aeeeurope.org\/wp-content\/uploads\/2024\/12\/ABB-600x400-wht-bkgnd-2024.png\" \/><meta itemprop=\"width\" content=\"587\" \/><meta itemprop=\"height\" content=\"391\" \/><meta itemprop=\"interactionType\" content=\"https:\/\/schema.org\/CommentAction\" \/><meta itemprop=\"userInteractionCount\" content=\"0\" \/><h5>Anfitri\u00f3n<\/h5>\n\t\t\t\t\t\t<a href='https:\/\/aeeeurope.org\/es\/companies\/abb\/' title='TEJIDO'><img width=\"587\" height=\"391\" src=\"https:\/\/aeeeurope.org\/wp-content\/uploads\/2024\/12\/ABB-600x400-wht-bkgnd-2024.png\" alt=\"\" itemprop=\"image\" decoding=\"async\" loading=\"lazy\" srcset=\"https:\/\/aeeeurope.org\/wp-content\/uploads\/2024\/12\/ABB-600x400-wht-bkgnd-2024.png 587w, https:\/\/aeeeurope.org\/wp-content\/uploads\/2024\/12\/ABB-600x400-wht-bkgnd-2024-300x200.png 300w, https:\/\/aeeeurope.org\/wp-content\/uploads\/2024\/12\/ABB-600x400-wht-bkgnd-2024-18x12.png 18w\" sizes=\"auto, (max-width: 587px) 100vw, 587px\" \/><\/a>\n\t<meta itemscope itemprop=\"mainEntityOfPage\" itemtype=\"https:\/\/schema.org\/WebPage\" itemid=\"https:\/\/aeeeurope.org\/companies\/clockworks-analytics\/\" content=\"Clockworks Analytics\" \/><meta itemprop=\"datePublished\" content=\"2024-12-18\" \/><meta itemprop=\"dateModified\" content=\"2025-04-11\" \/><meta itemprop=\"name\" content=\"AEE Europe Energy Conference \"\/><meta itemprop=\"url\" content=\"https:\/\/aeeeurope.org\/wp-content\/uploads\/2023\/08\/cropped-Europe-Blue-No-Expo-rgb.png\"\/><meta itemprop=\"url\" content=\"https:\/\/aeeeurope.org\/author\/rachel\/\" \/><meta itemprop=\"name\" content=\"Rachel Hobson\" \/><meta itemprop=\"url\" content=\"https:\/\/aeeeurope.org\/wp-content\/uploads\/2024\/12\/Clockworks-Analytics-600-x-400.png\" \/><meta itemprop=\"width\" content=\"631\" \/><meta itemprop=\"height\" content=\"421\" \/><meta itemprop=\"interactionType\" content=\"https:\/\/schema.org\/CommentAction\" \/><meta itemprop=\"userInteractionCount\" content=\"0\" \/><h5>Oro<\/h5>\n\t\t\t\t\t\t<a href='https:\/\/aeeeurope.org\/es\/companies\/clockworks-analytics\/' title='Anal\u00edtica de Clockworks'><img width=\"631\" height=\"421\" src=\"https:\/\/aeeeurope.org\/wp-content\/uploads\/2024\/12\/Clockworks-Analytics-600-x-400.png\" alt=\"\" itemprop=\"image\" decoding=\"async\" loading=\"lazy\" srcset=\"https:\/\/aeeeurope.org\/wp-content\/uploads\/2024\/12\/Clockworks-Analytics-600-x-400.png 631w, https:\/\/aeeeurope.org\/wp-content\/uploads\/2024\/12\/Clockworks-Analytics-600-x-400-300x200.png 300w, https:\/\/aeeeurope.org\/wp-content\/uploads\/2024\/12\/Clockworks-Analytics-600-x-400-18x12.png 18w\" sizes=\"auto, (max-width: 631px) 100vw, 631px\" \/><\/a>"},"excerpt":{"rendered":"<p>Sesi\u00f3n de apertura Discursos inspiradores. Nuevas perspectivas. Networking Esta sesi\u00f3n es la piedra angular de su experiencia en la conferencia y le ofrece una oportunidad invaluable de aprender, establecer contactos y avanzar profesionalmente. Interact\u00fae con oradores principales influyentes locales que ofrecen perspectivas y experiencias que resuenan con el pulso de la industria. Es un momento excelente para establecer nuevas conexiones... <a title=\"Sesi\u00f3n inaugural magistral\" class=\"read-more\" href=\"https:\/\/aeeeurope.org\/es\/opening\/\" aria-label=\"Leer m\u00e1s sobre Sesi\u00f3n Magistral Inaugural\">Leer m\u00e1s<\/a><\/p>","protected":false},"author":12,"featured_media":0,"parent":0,"menu_order":0,"comment_status":"closed","ping_status":"closed","template":"","meta":{"_acf_changed":false,"_seopress_robots_primary_cat":"","_seopress_titles_title":"","_seopress_titles_desc":"Earn Credits for both in-person and virtual attendance to the Association of Energy Engineer&#039;s World Conference.","_seopress_robots_index":"","footnotes":""},"class_list":["post-3573","page","type-page","status-publish"],"acf":[],"_links":{"self":[{"href":"https:\/\/aeeeurope.org\/es\/wp-json\/wp\/v2\/pages\/3573","targetHints":{"allow":["GET"]}}],"collection":[{"href":"https:\/\/aeeeurope.org\/es\/wp-json\/wp\/v2\/pages"}],"about":[{"href":"https:\/\/aeeeurope.org\/es\/wp-json\/wp\/v2\/types\/page"}],"author":[{"embeddable":true,"href":"https:\/\/aeeeurope.org\/es\/wp-json\/wp\/v2\/users\/12"}],"replies":[{"embeddable":true,"href":"https:\/\/aeeeurope.org\/es\/wp-json\/wp\/v2\/comments?post=3573"}],"version-history":[{"count":5,"href":"https:\/\/aeeeurope.org\/es\/wp-json\/wp\/v2\/pages\/3573\/revisions"}],"predecessor-version":[{"id":20537,"href":"https:\/\/aeeeurope.org\/es\/wp-json\/wp\/v2\/pages\/3573\/revisions\/20537"}],"wp:attachment":[{"href":"https:\/\/aeeeurope.org\/es\/wp-json\/wp\/v2\/media?parent=3573"}],"curies":[{"name":"gracias","href":"https:\/\/api.w.org\/{rel}","templated":true}]}}