{"id":3411,"date":"2021-04-24T00:48:15","date_gmt":"2021-04-23T20:48:15","guid":{"rendered":"https:\/\/aeeeurope.org\/?page_id=3411"},"modified":"2025-04-28T19:09:56","modified_gmt":"2025-04-28T15:09:56","slug":"registration-pricing","status":"publish","type":"page","link":"https:\/\/aeeeurope.org\/fr\/registration-pricing\/","title":{"rendered":"Inscription et tarifs"},"content":{"rendered":"<h1>\n\t\tInscription et tarifs\n\t<\/h1>\n<h4>\n\t\tGagnez 0,8 CEU | 8 PDH | 1,6 cr\u00e9dits AEE\n\t<\/h4>\n\t<p>Restez connect\u00e9 avec les derni\u00e8res innovations \u00e9nerg\u00e9tiques ! <a href=\"https:\/\/www.aeecenter.org\/email-news-sign-up\/\">S&#039;abonner<\/a> to AEE&#8217;s weekly newsletter to receive updates on future conferences, industry trends, and global networking opportunities.<\/p>\n<h2>\n\t\tContactez-nous aujourd&#039;hui\n\t<\/h2>\n\t<h3>Contact<\/h3>\nRachel Hobson<br \/>\nrachel@aeecenter.org<br \/>\n(770) 447-5083, poste 213\n\t<p>&nbsp;<\/p>\n<p><strong>Politique d&#039;annulation :<\/strong> Les annulations doivent \u00eatre soumises par \u00e9crit 14 jours avant l&#039;\u00e9v\u00e9nement. Les remboursements sont trait\u00e9s moins les frais administratifs de $45.00<\/p>"},"excerpt":{"rendered":"<p>Registration &#038; Pricing Earn 0.8 CEU | 8 PDH | 1.6 AEE Credits Stay connected with the latest in energy innovation! Subscribe to AEE&#8217;s weekly newsletter to receive updates on future conferences, industry trends, and global networking opportunities. Reach Out Today Contact Rachel Hobson rachel@aeecenter.org (770) 447-5083, ext. 213 &nbsp; Cancellation Policy: Cancellations must be &#8230; <a title=\"Inscription et tarifs\" class=\"read-more\" href=\"https:\/\/aeeeurope.org\/fr\/registration-pricing\/\" aria-label=\"En savoir plus sur Inscription &amp; Tarifs\">Lire la suite<\/a><\/p>","protected":false},"author":12,"featured_media":0,"parent":0,"menu_order":0,"comment_status":"closed","ping_status":"closed","template":"","meta":{"_acf_changed":false,"_seopress_robots_primary_cat":"","_seopress_titles_title":"","_seopress_titles_desc":"Register early for AEE West to take advantage of our tiered pricing and earn your CEUs for less.","_seopress_robots_index":"","footnotes":""},"class_list":["post-3411","page","type-page","status-publish"],"acf":[],"_links":{"self":[{"href":"https:\/\/aeeeurope.org\/fr\/wp-json\/wp\/v2\/pages\/3411","targetHints":{"allow":["GET"]}}],"collection":[{"href":"https:\/\/aeeeurope.org\/fr\/wp-json\/wp\/v2\/pages"}],"about":[{"href":"https:\/\/aeeeurope.org\/fr\/wp-json\/wp\/v2\/types\/page"}],"author":[{"embeddable":true,"href":"https:\/\/aeeeurope.org\/fr\/wp-json\/wp\/v2\/users\/12"}],"replies":[{"embeddable":true,"href":"https:\/\/aeeeurope.org\/fr\/wp-json\/wp\/v2\/comments?post=3411"}],"version-history":[{"count":5,"href":"https:\/\/aeeeurope.org\/fr\/wp-json\/wp\/v2\/pages\/3411\/revisions"}],"predecessor-version":[{"id":20539,"href":"https:\/\/aeeeurope.org\/fr\/wp-json\/wp\/v2\/pages\/3411\/revisions\/20539"}],"wp:attachment":[{"href":"https:\/\/aeeeurope.org\/fr\/wp-json\/wp\/v2\/media?parent=3411"}],"curies":[{"name":"wp","href":"https:\/\/api.w.org\/{rel}","templated":true}]}}